{"id":1738,"date":"2024-10-04T11:47:39","date_gmt":"2024-10-04T11:47:39","guid":{"rendered":"https:\/\/305.websitedesignagency.online\/?page_id=1738"},"modified":"2025-06-06T17:41:38","modified_gmt":"2025-06-06T17:41:38","slug":"faqs","status":"publish","type":"page","link":"https:\/\/www.305hurt.com\/es\/faqs\/","title":{"rendered":"FAQs"},"content":{"rendered":"\t\t<div data-elementor-type=\"wp-page\" data-elementor-id=\"1738\" class=\"elementor elementor-1738\" data-elementor-post-type=\"page\">\n\t\t\t\t<div class=\"elementor-element elementor-element-dc966d3 e-flex e-con-boxed e-con e-parent\" data-id=\"dc966d3\" data-element_type=\"container\" data-e-type=\"container\" data-settings=\"{&quot;background_background&quot;:&quot;classic&quot;}\">\n\t\t\t\t\t<div class=\"e-con-inner\">\n\t\t\t\t<div class=\"elementor-element elementor-element-8dfcfb2 de_scroll_animation_no elementor-widget elementor-widget-heading\" data-id=\"8dfcfb2\" data-element_type=\"widget\" data-e-type=\"widget\" data-widget_type=\"heading.default\">\n\t\t\t\t<div class=\"elementor-widget-container\">\n\t\t\t\t\t<h2 class=\"elementor-heading-title elementor-size-default\">PREGUNTAS FRECUENTES\n<\/h2>\t\t\t\t<\/div>\n\t\t\t\t<\/div>\n\t\t\t\t<div class=\"elementor-element elementor-element-c9ef733 elementor-widget-divider--view-line de_scroll_animation_no elementor-widget elementor-widget-divider\" data-id=\"c9ef733\" data-element_type=\"widget\" data-e-type=\"widget\" data-widget_type=\"divider.default\">\n\t\t\t\t<div class=\"elementor-widget-container\">\n\t\t\t\t\t\t\t<div class=\"elementor-divider\">\n\t\t\t<span class=\"elementor-divider-separator\">\n\t\t\t\t\t\t<\/span>\n\t\t<\/div>\n\t\t\t\t\t\t<\/div>\n\t\t\t\t<\/div>\n\t\t\t\t<div class=\"elementor-element elementor-element-a991b7d elementor-align-center elementor-widget__width-inherit de_scroll_animation_no elementor-widget elementor-widget-button\" data-id=\"a991b7d\" data-element_type=\"widget\" data-e-type=\"widget\" data-widget_type=\"button.default\">\n\t\t\t\t<div class=\"elementor-widget-container\">\n\t\t\t\t\t\t\t\t\t<div class=\"elementor-button-wrapper\">\n\t\t\t\t\t<a class=\"elementor-button elementor-button-link elementor-size-sm\" href=\"\/es\/contact-us\/\">\n\t\t\t\t\t\t<span class=\"elementor-button-content-wrapper\">\n\t\t\t\t\t\t\t\t\t<span class=\"elementor-button-text\">COMIENZA TU CONSULTA GRATUITA<\/span>\n\t\t\t\t\t<\/span>\n\t\t\t\t\t<\/a>\n\t\t\t\t<\/div>\n\t\t\t\t\t\t\t\t<\/div>\n\t\t\t\t<\/div>\n\t\t\t\t\t<\/div>\n\t\t\t\t<\/div>\n\t\t<div class=\"elementor-element elementor-element-a1566a3 e-flex e-con-boxed e-con e-parent\" data-id=\"a1566a3\" data-element_type=\"container\" data-e-type=\"container\">\n\t\t\t\t\t<div class=\"e-con-inner\">\n\t\t<div class=\"elementor-element elementor-element-f3dda6d e-con-full e-flex e-con e-child\" data-id=\"f3dda6d\" data-element_type=\"container\" data-e-type=\"container\">\n\t\t\t\t<div class=\"elementor-element elementor-element-dfe82bb de_scroll_animation_no elementor-widget elementor-widget-n-accordion\" data-id=\"dfe82bb\" data-element_type=\"widget\" data-e-type=\"widget\" data-settings=\"{&quot;default_state&quot;:&quot;all_collapsed&quot;,&quot;max_items_expended&quot;:&quot;one&quot;,&quot;n_accordion_animation_duration&quot;:{&quot;unit&quot;:&quot;ms&quot;,&quot;size&quot;:400,&quot;sizes&quot;:[]}}\" data-widget_type=\"nested-accordion.default\">\n\t\t\t\t<div class=\"elementor-widget-container\">\n\t\t\t\t\t\t\t<div class=\"e-n-accordion\" aria-label=\"Accordion. Open links with Enter or Space, close with Escape, and navigate with Arrow Keys\">\n\t\t\t\t\t\t<details id=\"e-n-accordion-item-2340\" class=\"e-n-accordion-item\" >\n\t\t\t\t<summary class=\"e-n-accordion-item-title\" data-accordion-index=\"1\" tabindex=\"0\" aria-expanded=\"false\" aria-controls=\"e-n-accordion-item-2340\" >\n\t\t\t\t\t<span class='e-n-accordion-item-title-header'><div class=\"e-n-accordion-item-title-text\"> \u00bfCu\u00e1nto tiempo tomar\u00e1 resolver mi caso y recibir mi acuerdo? <\/div><\/span>\n\t\t\t\t\t\t\t<span class='e-n-accordion-item-title-icon'>\n\t\t\t<span class='e-opened' ><i aria-hidden=\"true\" class=\"icon icon-up-arrow\"><\/i><\/span>\n\t\t\t<span class='e-closed'><i aria-hidden=\"true\" class=\"icon icon-down-arrow1\"><\/i><\/span>\n\t\t<\/span>\n\n\t\t\t\t\t\t<\/summary>\n\t\t\t\t<div role=\"region\" aria-labelledby=\"e-n-accordion-item-2340\" class=\"elementor-element elementor-element-da76fae e-con-full e-flex e-con e-child\" data-id=\"da76fae\" data-element_type=\"container\" data-e-type=\"container\">\n\t\t\t\t<div class=\"elementor-element elementor-element-e5c8d4b de_scroll_animation_no elementor-widget elementor-widget-text-editor\" data-id=\"e5c8d4b\" data-element_type=\"widget\" data-e-type=\"widget\" data-widget_type=\"text-editor.default\">\n\t\t\t\t<div class=\"elementor-widget-container\">\n\t\t\t\t\t\t\t\t\t<p>El plazo para recibir una indemnizaci\u00f3n en un caso de lesiones personales puede variar seg\u00fan varios factores, entre ellos la complejidad del caso, la voluntad de la compa\u00f1\u00eda de seguros de resolver el reclamo, si el caso va a juicio, la gravedad de la lesi\u00f3n del cliente y la duraci\u00f3n de su plan de tratamiento. En promedio, un caso demora alrededor de 12 meses desde el principio hasta el final. Algunos casos pueden resolverse en unas pocas semanas, mientras que otros, especialmente aquellos que involucran lesiones importantes o litigios, pueden demorar m\u00e1s. El factor determinante m\u00e1s importante para el cronograma de un caso es la lesi\u00f3n del cliente y el tiempo que le toma alcanzar la mejor\u00eda m\u00e9dica m\u00e1xima. Una vez que el cliente ha alcanzado la mejor\u00eda m\u00e9dica y ha completado el tratamiento, 305 HURT recupera todos los registros m\u00e9dicos, facturas e informaci\u00f3n sobre salarios perdidos para crear un paquete de demanda que presenta los da\u00f1os del cliente a la compa\u00f1\u00eda de seguros. En 305 HURT, trabajamos diligentemente para resolver su caso lo m\u00e1s r\u00e1pido posible, al mismo tiempo que nos aseguramos de que reciba la compensaci\u00f3n que se merece.<\/p>\t\t\t\t\t\t\t\t<\/div>\n\t\t\t\t<\/div>\n\t\t\t\t<\/div>\n\t\t\t\t\t<\/details>\n\t\t\t\t\t\t<details id=\"e-n-accordion-item-2341\" class=\"e-n-accordion-item\" >\n\t\t\t\t<summary class=\"e-n-accordion-item-title\" data-accordion-index=\"2\" tabindex=\"-1\" aria-expanded=\"false\" aria-controls=\"e-n-accordion-item-2341\" >\n\t\t\t\t\t<span class='e-n-accordion-item-title-header'><div class=\"e-n-accordion-item-title-text\"> \u00bfCu\u00e1nto vale mi caso de lesiones? <\/div><\/span>\n\t\t\t\t\t\t\t<span class='e-n-accordion-item-title-icon'>\n\t\t\t<span class='e-opened' ><i aria-hidden=\"true\" class=\"icon icon-up-arrow\"><\/i><\/span>\n\t\t\t<span class='e-closed'><i aria-hidden=\"true\" class=\"icon icon-down-arrow1\"><\/i><\/span>\n\t\t<\/span>\n\n\t\t\t\t\t\t<\/summary>\n\t\t\t\t<div role=\"region\" aria-labelledby=\"e-n-accordion-item-2341\" class=\"elementor-element elementor-element-17621b6 e-con-full e-flex e-con e-child\" data-id=\"17621b6\" data-element_type=\"container\" data-e-type=\"container\">\n\t\t\t\t<div class=\"elementor-element elementor-element-3c2e532 de_scroll_animation_no elementor-widget elementor-widget-text-editor\" data-id=\"3c2e532\" data-element_type=\"widget\" data-e-type=\"widget\" data-widget_type=\"text-editor.default\">\n\t\t\t\t<div class=\"elementor-widget-container\">\n\t\t\t\t\t\t\t\t\t<p>La cantidad de compensaci\u00f3n que puede recibir por su caso de lesiones depende de varios factores. La gravedad de sus lesiones, sus gastos m\u00e9dicos, los salarios perdidos, las necesidades m\u00e9dicas futuras y el impacto que la lesi\u00f3n ha tenido en su vida son importantes para determinar el valor de su caso. Sin embargo, la responsabilidad juega un papel crucial para determinar cu\u00e1nto puede recuperar porque establece qui\u00e9n es legalmente responsable del accidente. Adem\u00e1s, la cobertura de seguro disponible puede afectar la cantidad de compensaci\u00f3n que recibe porque, en la mayor\u00eda de los casos, establece un l\u00edmite en los fondos disponibles para la compensaci\u00f3n. En 305 HURT, evaluamos minuciosamente todos los aspectos de su reclamo para maximizar su compensaci\u00f3n; esto incluye buscar otras fuentes de seguro y cobertura, si est\u00e1n disponibles y son necesarias. Si bien es dif\u00edcil predecir una cantidad exacta por adelantado, nuestro objetivo es asegurar el acuerdo o veredicto m\u00e1s alto posible para su caso.<\/p>\t\t\t\t\t\t\t\t<\/div>\n\t\t\t\t<\/div>\n\t\t\t\t<\/div>\n\t\t\t\t\t<\/details>\n\t\t\t\t\t\t<details id=\"e-n-accordion-item-2342\" class=\"e-n-accordion-item\" >\n\t\t\t\t<summary class=\"e-n-accordion-item-title\" data-accordion-index=\"3\" tabindex=\"-1\" aria-expanded=\"false\" aria-controls=\"e-n-accordion-item-2342\" >\n\t\t\t\t\t<span class='e-n-accordion-item-title-header'><div class=\"e-n-accordion-item-title-text\"> Si soy una persona indocumentada, \u00bfpuedo presentar un reclamo por lesiones? <\/div><\/span>\n\t\t\t\t\t\t\t<span class='e-n-accordion-item-title-icon'>\n\t\t\t<span class='e-opened' ><i aria-hidden=\"true\" class=\"icon icon-up-arrow\"><\/i><\/span>\n\t\t\t<span class='e-closed'><i aria-hidden=\"true\" class=\"icon icon-down-arrow1\"><\/i><\/span>\n\t\t<\/span>\n\n\t\t\t\t\t\t<\/summary>\n\t\t\t\t<div role=\"region\" aria-labelledby=\"e-n-accordion-item-2342\" class=\"elementor-element elementor-element-f7a3bab e-con-full e-flex e-con e-child\" data-id=\"f7a3bab\" data-element_type=\"container\" data-e-type=\"container\">\n\t\t\t\t<div class=\"elementor-element elementor-element-5c65bab de_scroll_animation_no elementor-widget elementor-widget-text-editor\" data-id=\"5c65bab\" data-element_type=\"widget\" data-e-type=\"widget\" data-widget_type=\"text-editor.default\">\n\t\t\t\t<div class=\"elementor-widget-container\">\n\t\t\t\t\t\t\t\t\t<p>S\u00ed, el estatus migratorio no afecta su capacidad de solicitar una indemnizaci\u00f3n por lesiones causadas por la negligencia de otra persona en Florida. En 305 HURT, tratamos a cada cliente con respeto y nos aseguramos de que sus derechos est\u00e9n protegidos, independientemente de su estatus legal.<\/p>\t\t\t\t\t\t\t\t<\/div>\n\t\t\t\t<\/div>\n\t\t\t\t<\/div>\n\t\t\t\t\t<\/details>\n\t\t\t\t\t\t<details id=\"e-n-accordion-item-2343\" class=\"e-n-accordion-item\" >\n\t\t\t\t<summary class=\"e-n-accordion-item-title\" data-accordion-index=\"4\" tabindex=\"-1\" aria-expanded=\"false\" aria-controls=\"e-n-accordion-item-2343\" >\n\t\t\t\t\t<span class='e-n-accordion-item-title-header'><div class=\"e-n-accordion-item-title-text\"> \u00bfCuanto cuesta contratarte? <\/div><\/span>\n\t\t\t\t\t\t\t<span class='e-n-accordion-item-title-icon'>\n\t\t\t<span class='e-opened' ><i aria-hidden=\"true\" class=\"icon icon-up-arrow\"><\/i><\/span>\n\t\t\t<span class='e-closed'><i aria-hidden=\"true\" class=\"icon icon-down-arrow1\"><\/i><\/span>\n\t\t<\/span>\n\n\t\t\t\t\t\t<\/summary>\n\t\t\t\t<div role=\"region\" aria-labelledby=\"e-n-accordion-item-2343\" class=\"elementor-element elementor-element-ddcab01 e-con-full e-flex e-con e-child\" data-id=\"ddcab01\" data-element_type=\"container\" data-e-type=\"container\">\n\t\t\t\t<div class=\"elementor-element elementor-element-a326647 de_scroll_animation_no elementor-widget elementor-widget-text-editor\" data-id=\"a326647\" data-element_type=\"widget\" data-e-type=\"widget\" data-widget_type=\"text-editor.default\">\n\t\t\t\t<div class=\"elementor-widget-container\">\n\t\t\t\t\t\t\t\t\t<p>En 305 HURT, usted no paga nada de su bolsillo ni por adelantado para contratarnos. En cambio, trabajamos con honorarios contingentes, lo que significa que los honorarios del abogado ser\u00e1n un porcentaje del acuerdo final que reciba el cliente. En Florida, los honorarios contingentes est\u00e1ndar son el 33 \u2153 por ciento del acuerdo si el caso se resuelve antes de presentar una demanda, y el 40 por ciento del acuerdo o veredicto si el caso requiere litigio. La mayor\u00eda de nuestros casos se resuelven antes del litigio, lo que implica un honorario del 33 \u2153 por ciento (un tercio) del acuerdo. Este acuerdo garantiza que pueda presentar su reclamo sin preocuparse por los honorarios legales. En 305 HURT, estamos comprometidos a luchar por la compensaci\u00f3n que usted merece sin ning\u00fan riesgo financiero para usted. \u00a1Ll\u00e1menos hoy; no tiene nada que perder!<\/p>\t\t\t\t\t\t\t\t<\/div>\n\t\t\t\t<\/div>\n\t\t\t\t<\/div>\n\t\t\t\t\t<\/details>\n\t\t\t\t\t\t<details id=\"e-n-accordion-item-2344\" class=\"e-n-accordion-item\" >\n\t\t\t\t<summary class=\"e-n-accordion-item-title\" data-accordion-index=\"5\" tabindex=\"-1\" aria-expanded=\"false\" aria-controls=\"e-n-accordion-item-2344\" >\n\t\t\t\t\t<span class='e-n-accordion-item-title-header'><div class=\"e-n-accordion-item-title-text\"> \u00bfNecesito un abogado incluso si la compa\u00f1\u00eda de seguros me ha ofrecido un acuerdo? <\/div><\/span>\n\t\t\t\t\t\t\t<span class='e-n-accordion-item-title-icon'>\n\t\t\t<span class='e-opened' ><i aria-hidden=\"true\" class=\"icon icon-up-arrow\"><\/i><\/span>\n\t\t\t<span class='e-closed'><i aria-hidden=\"true\" class=\"icon icon-down-arrow1\"><\/i><\/span>\n\t\t<\/span>\n\n\t\t\t\t\t\t<\/summary>\n\t\t\t\t<div role=\"region\" aria-labelledby=\"e-n-accordion-item-2344\" class=\"elementor-element elementor-element-32552da e-con-full e-flex e-con e-child\" data-id=\"32552da\" data-element_type=\"container\" data-e-type=\"container\">\n\t\t\t\t<div class=\"elementor-element elementor-element-db9d0c7 de_scroll_animation_no elementor-widget elementor-widget-text-editor\" data-id=\"db9d0c7\" data-element_type=\"widget\" data-e-type=\"widget\" data-widget_type=\"text-editor.default\">\n\t\t\t\t<div class=\"elementor-widget-container\">\n\t\t\t\t\t\t\t\t\t<p>Es importante consultar con un abogado antes de aceptar cualquier oferta de indemnizaci\u00f3n de una compa\u00f1\u00eda de seguros. A menudo, las compa\u00f1\u00edas de seguros intentan liquidar las reclamaciones por mucho menos de lo que valen cuando no hay un abogado involucrado. Perm\u00edtanos ayudarlo a maximizar su compensaci\u00f3n despu\u00e9s de un accidente.<\/p>\t\t\t\t\t\t\t\t<\/div>\n\t\t\t\t<\/div>\n\t\t\t\t<\/div>\n\t\t\t\t\t<\/details>\n\t\t\t\t\t\t<details id=\"e-n-accordion-item-2345\" class=\"e-n-accordion-item\" >\n\t\t\t\t<summary class=\"e-n-accordion-item-title\" data-accordion-index=\"6\" tabindex=\"-1\" aria-expanded=\"false\" aria-controls=\"e-n-accordion-item-2345\" >\n\t\t\t\t\t<span class='e-n-accordion-item-title-header'><div class=\"e-n-accordion-item-title-text\"> \u00bfQu\u00e9 significa que Florida es un estado \u201csin culpa\u201d? <\/div><\/span>\n\t\t\t\t\t\t\t<span class='e-n-accordion-item-title-icon'>\n\t\t\t<span class='e-opened' ><i aria-hidden=\"true\" class=\"icon icon-up-arrow\"><\/i><\/span>\n\t\t\t<span class='e-closed'><i aria-hidden=\"true\" class=\"icon icon-down-arrow1\"><\/i><\/span>\n\t\t<\/span>\n\n\t\t\t\t\t\t<\/summary>\n\t\t\t\t<div role=\"region\" aria-labelledby=\"e-n-accordion-item-2345\" class=\"elementor-element elementor-element-c69f219 e-con-full e-flex e-con e-child\" data-id=\"c69f219\" data-element_type=\"container\" data-e-type=\"container\">\n\t\t\t\t<div class=\"elementor-element elementor-element-3af536b de_scroll_animation_no elementor-widget elementor-widget-text-editor\" data-id=\"3af536b\" data-element_type=\"widget\" data-e-type=\"widget\" data-widget_type=\"text-editor.default\">\n\t\t\t\t<div class=\"elementor-widget-container\">\n\t\t\t\t\t\t\t\t\t<p>Florida es un estado &#8220;sin culpa&#8221;, lo que significa que, tras un accidente de auto, su seguro cubre sus gastos m\u00e9dicos, independientemente de qui\u00e9n sea el responsable. Esto se realiza a trav\u00e9s de la cobertura de Protecci\u00f3n contra Lesiones Personales (PIP), exigida por ley y que cubre hasta $10,000 en facturas m\u00e9dicas y p\u00e9rdida de ingresos.<\/p>\t\t\t\t\t\t\t\t<\/div>\n\t\t\t\t<\/div>\n\t\t\t\t<\/div>\n\t\t\t\t\t<\/details>\n\t\t\t\t\t\t<details id=\"e-n-accordion-item-2346\" class=\"e-n-accordion-item\" >\n\t\t\t\t<summary class=\"e-n-accordion-item-title\" data-accordion-index=\"7\" tabindex=\"-1\" aria-expanded=\"false\" aria-controls=\"e-n-accordion-item-2346\" >\n\t\t\t\t\t<span class='e-n-accordion-item-title-header'><div class=\"e-n-accordion-item-title-text\"> \u00bfMi caso ir\u00e1 a juicio? <\/div><\/span>\n\t\t\t\t\t\t\t<span class='e-n-accordion-item-title-icon'>\n\t\t\t<span class='e-opened' ><i aria-hidden=\"true\" class=\"icon icon-up-arrow\"><\/i><\/span>\n\t\t\t<span class='e-closed'><i aria-hidden=\"true\" class=\"icon icon-down-arrow1\"><\/i><\/span>\n\t\t<\/span>\n\n\t\t\t\t\t\t<\/summary>\n\t\t\t\t<div role=\"region\" aria-labelledby=\"e-n-accordion-item-2346\" class=\"elementor-element elementor-element-b4e32be e-con-full e-flex e-con e-child\" data-id=\"b4e32be\" data-element_type=\"container\" data-e-type=\"container\">\n\t\t\t\t<div class=\"elementor-element elementor-element-48cf85b de_scroll_animation_no elementor-widget elementor-widget-text-editor\" data-id=\"48cf85b\" data-element_type=\"widget\" data-e-type=\"widget\" data-widget_type=\"text-editor.default\">\n\t\t\t\t<div class=\"elementor-widget-container\">\n\t\t\t\t\t\t\t\t\t<p>\u00a1Depende! La mayor\u00eda de las veces podemos resolver casos de lesiones personales mediante negociaciones y sin litigio. Sin embargo, en los casos en los que no se puede llegar a un acuerdo justo, estamos totalmente preparados para llevar su caso a juicio para asegurarnos de que reciba una compensaci\u00f3n adecuada por sus lesiones y p\u00e9rdidas. Tenga en cuenta que en Florida, alrededor del 95 % de los casos de lesiones personales se resuelven fuera de los tribunales y aproximadamente el 5 % llega a juicio.<\/p>\t\t\t\t\t\t\t\t<\/div>\n\t\t\t\t<\/div>\n\t\t\t\t<\/div>\n\t\t\t\t\t<\/details>\n\t\t\t\t\t\t<details id=\"e-n-accordion-item-2347\" class=\"e-n-accordion-item\" >\n\t\t\t\t<summary class=\"e-n-accordion-item-title\" data-accordion-index=\"8\" tabindex=\"-1\" aria-expanded=\"false\" aria-controls=\"e-n-accordion-item-2347\" >\n\t\t\t\t\t<span class='e-n-accordion-item-title-header'><div class=\"e-n-accordion-item-title-text\"> \u00bfQui\u00e9n paga la reparaci\u00f3n de mi veh\u00edculo despu\u00e9s de mi accidente automovil\u00edstico? <\/div><\/span>\n\t\t\t\t\t\t\t<span class='e-n-accordion-item-title-icon'>\n\t\t\t<span class='e-opened' ><i aria-hidden=\"true\" class=\"icon icon-up-arrow\"><\/i><\/span>\n\t\t\t<span class='e-closed'><i aria-hidden=\"true\" class=\"icon icon-down-arrow1\"><\/i><\/span>\n\t\t<\/span>\n\n\t\t\t\t\t\t<\/summary>\n\t\t\t\t<div role=\"region\" aria-labelledby=\"e-n-accordion-item-2347\" class=\"elementor-element elementor-element-00ae7d8 e-con-full e-flex e-con e-child\" data-id=\"00ae7d8\" data-element_type=\"container\" data-e-type=\"container\">\n\t\t\t\t<div class=\"elementor-element elementor-element-ff4fbc7 de_scroll_animation_no elementor-widget elementor-widget-text-editor\" data-id=\"ff4fbc7\" data-element_type=\"widget\" data-e-type=\"widget\" data-widget_type=\"text-editor.default\">\n\t\t\t\t<div class=\"elementor-widget-container\">\n\t\t\t\t\t\t\t\t\t<p>Despu\u00e9s de un accidente de auto, el seguro del conductor culpable generalmente paga las reparaciones de su veh\u00edculo, pero hay dos excepciones principales: cuando desea reparar su auto de inmediato y cuando hay problemas con los l\u00edmites de cobertura. Las compa\u00f1\u00edas de seguros generalmente no comienzan el proceso de da\u00f1os a la propiedad hasta que confirman que el conductor tuvo la culpa, lo que puede tomar tiempo mientras revisan el informe policial y hablan con el asegurado. Si no quiere esperar, puede usar su propio seguro para reparar su auto m\u00e1s r\u00e1pido. Otro problema pueden ser los l\u00edmites de cobertura: Florida solo requiere que los conductores tengan $10,000 en Responsabilidad por Da\u00f1os a la Propiedad, lo cual puede no ser suficiente para cubrir todas las reparaciones. En ambos casos, su seguro puede intervenir para cubrir los da\u00f1os y luego solicitar el reembolso de la aseguradora de la parte culpable mediante un proceso llamado subrogaci\u00f3n.<\/p>\t\t\t\t\t\t\t\t<\/div>\n\t\t\t\t<\/div>\n\t\t\t\t<\/div>\n\t\t\t\t\t<\/details>\n\t\t\t\t\t<\/div>\n\t\t\t\t\t\t<\/div>\n\t\t\t\t<\/div>\n\t\t\t\t<\/div>\n\t\t\t\t\t<\/div>\n\t\t\t\t<\/div>\n\t\t\t\t<\/div>\n\t\t","protected":false},"excerpt":{"rendered":"<p>PREGUNTAS FRECUENTES COMIENZA TU CONSULTA GRATUITA \u00bfCu\u00e1nto tiempo tomar\u00e1 resolver mi caso y recibir mi acuerdo? El plazo para recibir una indemnizaci\u00f3n en un caso de lesiones personales puede variar seg\u00fan varios factores, entre ellos la complejidad del caso, la voluntad de la compa\u00f1\u00eda de seguros de resolver el reclamo, si el caso va a [&hellip;]<\/p>\n","protected":false},"author":1,"featured_media":0,"parent":0,"menu_order":0,"comment_status":"closed","ping_status":"closed","template":"elementor_header_footer","meta":{"footnotes":""},"class_list":["post-1738","page","type-page","status-publish","hentry"],"_links":{"self":[{"href":"https:\/\/www.305hurt.com\/es\/wp-json\/wp\/v2\/pages\/1738","targetHints":{"allow":["GET"]}}],"collection":[{"href":"https:\/\/www.305hurt.com\/es\/wp-json\/wp\/v2\/pages"}],"about":[{"href":"https:\/\/www.305hurt.com\/es\/wp-json\/wp\/v2\/types\/page"}],"author":[{"embeddable":true,"href":"https:\/\/www.305hurt.com\/es\/wp-json\/wp\/v2\/users\/1"}],"replies":[{"embeddable":true,"href":"https:\/\/www.305hurt.com\/es\/wp-json\/wp\/v2\/comments?post=1738"}],"version-history":[{"count":0,"href":"https:\/\/www.305hurt.com\/es\/wp-json\/wp\/v2\/pages\/1738\/revisions"}],"wp:attachment":[{"href":"https:\/\/www.305hurt.com\/es\/wp-json\/wp\/v2\/media?parent=1738"}],"curies":[{"name":"wp","href":"https:\/\/api.w.org\/{rel}","templated":true}]}}