{"id":1255,"date":"2024-10-04T05:19:25","date_gmt":"2024-10-04T05:19:25","guid":{"rendered":"https:\/\/305.websitedesignagency.online\/?page_id=1255"},"modified":"2025-06-06T17:46:31","modified_gmt":"2025-06-06T17:46:31","slug":"practice-areas","status":"publish","type":"page","link":"https:\/\/www.305hurt.com\/es\/practice-areas\/","title":{"rendered":"Practice Areas"},"content":{"rendered":"\t\t<div data-elementor-type=\"wp-page\" data-elementor-id=\"1255\" class=\"elementor elementor-1255\" data-elementor-post-type=\"page\">\n\t\t\t\t<div class=\"elementor-element elementor-element-1a73ef3 e-flex e-con-boxed e-con e-parent\" data-id=\"1a73ef3\" data-element_type=\"container\" data-e-type=\"container\" data-settings=\"{&quot;background_background&quot;:&quot;classic&quot;}\">\n\t\t\t\t\t<div class=\"e-con-inner\">\n\t\t\t\t<div class=\"elementor-element elementor-element-9e94c53 de_scroll_animation_no elementor-widget elementor-widget-heading\" data-id=\"9e94c53\" data-element_type=\"widget\" data-e-type=\"widget\" data-widget_type=\"heading.default\">\n\t\t\t\t<div class=\"elementor-widget-container\">\n\t\t\t\t\t<h2 class=\"elementor-heading-title elementor-size-default\">\u00c1reas de pr\u00e1ctica<\/h2>\t\t\t\t<\/div>\n\t\t\t\t<\/div>\n\t\t\t\t<div class=\"elementor-element elementor-element-09ec911 elementor-widget-divider--view-line de_scroll_animation_no elementor-widget elementor-widget-divider\" data-id=\"09ec911\" data-element_type=\"widget\" data-e-type=\"widget\" data-widget_type=\"divider.default\">\n\t\t\t\t<div class=\"elementor-widget-container\">\n\t\t\t\t\t\t\t<div class=\"elementor-divider\">\n\t\t\t<span class=\"elementor-divider-separator\">\n\t\t\t\t\t\t<\/span>\n\t\t<\/div>\n\t\t\t\t\t\t<\/div>\n\t\t\t\t<\/div>\n\t\t\t\t<div class=\"elementor-element elementor-element-46c351a elementor-align-center elementor-widget__width-inherit de_scroll_animation_no elementor-widget elementor-widget-button\" data-id=\"46c351a\" data-element_type=\"widget\" data-e-type=\"widget\" data-widget_type=\"button.default\">\n\t\t\t\t<div class=\"elementor-widget-container\">\n\t\t\t\t\t\t\t\t\t<div class=\"elementor-button-wrapper\">\n\t\t\t\t\t<a class=\"elementor-button elementor-button-link elementor-size-sm\" href=\"\/es\/contact-us\/\">\n\t\t\t\t\t\t<span class=\"elementor-button-content-wrapper\">\n\t\t\t\t\t\t\t\t\t<span class=\"elementor-button-text\">COMIENZA TU CONSULTA GRATUITA<\/span>\n\t\t\t\t\t<\/span>\n\t\t\t\t\t<\/a>\n\t\t\t\t<\/div>\n\t\t\t\t\t\t\t\t<\/div>\n\t\t\t\t<\/div>\n\t\t\t\t\t<\/div>\n\t\t\t\t<\/div>\n\t\t\t\t<section class=\"elementor-section elementor-top-section elementor-element elementor-element-4e2993a elementor-section-boxed elementor-section-height-default elementor-section-height-default\" data-id=\"4e2993a\" data-element_type=\"section\" data-e-type=\"section\">\n\t\t\t\t\t\t<div class=\"elementor-container elementor-column-gap-default\">\n\t\t\t\t\t<div class=\"elementor-column elementor-col-100 elementor-top-column elementor-element elementor-element-eb8d011\" data-id=\"eb8d011\" data-element_type=\"column\" data-e-type=\"column\">\n\t\t\t<div class=\"elementor-widget-wrap elementor-element-populated\">\n\t\t\t\t<div class=\"elementor-element elementor-element-6eb285c pa e-flex e-con-boxed e-con e-parent\" data-id=\"6eb285c\" data-element_type=\"container\" data-e-type=\"container\">\n\t\t\t\t\t<div class=\"e-con-inner\">\n\t\t<div class=\"elementor-element elementor-element-2cc2d64 e-con-full e-flex e-con e-child\" data-id=\"2cc2d64\" data-element_type=\"container\" data-e-type=\"container\">\n\t\t\t\t<div class=\"elementor-element elementor-element-2b0512d icons-even elementor-position-top de_scroll_animation_no elementor-widget elementor-widget-image-box\" data-id=\"2b0512d\" data-element_type=\"widget\" data-e-type=\"widget\" data-widget_type=\"image-box.default\">\n\t\t\t\t<div class=\"elementor-widget-container\">\n\t\t\t\t\t<div class=\"elementor-image-box-wrapper\"><figure class=\"elementor-image-box-img\"><a href=\"\/es\/car-accidents\/\" tabindex=\"-1\"><img decoding=\"async\" width=\"75\" height=\"75\" src=\"https:\/\/www.305hurt.com\/es\/wp-content\/uploads\/2024\/09\/icon8.png\" class=\"attachment-full size-full wp-image-741\" alt=\"\" \/><\/a><\/figure><div class=\"elementor-image-box-content\"><h3 class=\"elementor-image-box-title\"><a href=\"\/es\/car-accidents\/\">Accidentes de Auto<\/a><\/h3><\/div><\/div>\t\t\t\t<\/div>\n\t\t\t\t<\/div>\n\t\t\t\t<\/div>\n\t\t<div class=\"elementor-element elementor-element-e44c65c e-con-full e-flex e-con e-child\" data-id=\"e44c65c\" data-element_type=\"container\" data-e-type=\"container\">\n\t\t\t\t<div class=\"elementor-element elementor-element-b5037cf icons-even elementor-position-top de_scroll_animation_no elementor-widget elementor-widget-image-box\" data-id=\"b5037cf\" data-element_type=\"widget\" data-e-type=\"widget\" data-widget_type=\"image-box.default\">\n\t\t\t\t<div class=\"elementor-widget-container\">\n\t\t\t\t\t<div class=\"elementor-image-box-wrapper\"><figure class=\"elementor-image-box-img\"><a href=\"\/es\/slip-and-fall-accidents\/\" tabindex=\"-1\"><img decoding=\"async\" width=\"75\" height=\"75\" src=\"https:\/\/www.305hurt.com\/es\/wp-content\/uploads\/2024\/09\/icon3.png\" class=\"attachment-full size-full wp-image-788\" alt=\"\" \/><\/a><\/figure><div class=\"elementor-image-box-content\"><h3 class=\"elementor-image-box-title\"><a href=\"\/es\/slip-and-fall-accidents\/\">Resbalones y Ca\u00eddas<\/a><\/h3><\/div><\/div>\t\t\t\t<\/div>\n\t\t\t\t<\/div>\n\t\t\t\t<\/div>\n\t\t<div class=\"elementor-element elementor-element-0ecc3eb e-con-full e-flex e-con e-child\" data-id=\"0ecc3eb\" data-element_type=\"container\" data-e-type=\"container\">\n\t\t\t\t<div class=\"elementor-element elementor-element-cf7c50e icons-even elementor-position-top de_scroll_animation_no elementor-widget elementor-widget-image-box\" data-id=\"cf7c50e\" data-element_type=\"widget\" data-e-type=\"widget\" data-widget_type=\"image-box.default\">\n\t\t\t\t<div class=\"elementor-widget-container\">\n\t\t\t\t\t<div class=\"elementor-image-box-wrapper\"><figure class=\"elementor-image-box-img\"><a href=\"\/es\/uber-lyft-accidents\/\" tabindex=\"-1\"><img decoding=\"async\" width=\"75\" height=\"75\" src=\"https:\/\/www.305hurt.com\/es\/wp-content\/uploads\/2024\/09\/icon6.png\" class=\"attachment-full size-full wp-image-779\" alt=\"\" \/><\/a><\/figure><div class=\"elementor-image-box-content\"><h3 class=\"elementor-image-box-title\"><a href=\"\/es\/uber-lyft-accidents\/\">Accidentes de Uber &amp; Lyft<\/a><\/h3><\/div><\/div>\t\t\t\t<\/div>\n\t\t\t\t<\/div>\n\t\t\t\t<\/div>\n\t\t<div class=\"elementor-element elementor-element-06a9eb8 e-con-full e-flex e-con e-child\" data-id=\"06a9eb8\" data-element_type=\"container\" data-e-type=\"container\">\n\t\t\t\t<div class=\"elementor-element elementor-element-0f826b8 icons-even elementor-position-top de_scroll_animation_no elementor-widget elementor-widget-image-box\" data-id=\"0f826b8\" data-element_type=\"widget\" data-e-type=\"widget\" data-widget_type=\"image-box.default\">\n\t\t\t\t<div class=\"elementor-widget-container\">\n\t\t\t\t\t<div class=\"elementor-image-box-wrapper\"><figure class=\"elementor-image-box-img\"><a href=\"\/es\/motorcycle-accidents\/\" tabindex=\"-1\"><img loading=\"lazy\" decoding=\"async\" width=\"75\" height=\"75\" src=\"https:\/\/www.305hurt.com\/es\/wp-content\/uploads\/2024\/09\/icon2.png\" class=\"attachment-full size-full wp-image-787\" alt=\"\" \/><\/a><\/figure><div class=\"elementor-image-box-content\"><h3 class=\"elementor-image-box-title\"><a href=\"\/es\/motorcycle-accidents\/\">Accidentes de Motocicleta<\/a><\/h3><\/div><\/div>\t\t\t\t<\/div>\n\t\t\t\t<\/div>\n\t\t\t\t<\/div>\n\t\t\t\t\t<\/div>\n\t\t\t\t<\/div>\n\t\t<div class=\"elementor-element elementor-element-f5ea7df pa e-flex e-con-boxed e-con e-parent\" data-id=\"f5ea7df\" data-element_type=\"container\" data-e-type=\"container\">\n\t\t\t\t\t<div class=\"e-con-inner\">\n\t\t<div class=\"elementor-element elementor-element-a177f6b e-con-full e-flex e-con e-child\" data-id=\"a177f6b\" data-element_type=\"container\" data-e-type=\"container\">\n\t\t\t\t<div class=\"elementor-element elementor-element-dee2311 icons-even elementor-position-top de_scroll_animation_no elementor-widget elementor-widget-image-box\" data-id=\"dee2311\" data-element_type=\"widget\" data-e-type=\"widget\" data-widget_type=\"image-box.default\">\n\t\t\t\t<div class=\"elementor-widget-container\">\n\t\t\t\t\t<div class=\"elementor-image-box-wrapper\"><figure class=\"elementor-image-box-img\"><a href=\"\/es\/truck-accidents\/\" tabindex=\"-1\"><img loading=\"lazy\" decoding=\"async\" width=\"75\" height=\"75\" src=\"https:\/\/www.305hurt.com\/es\/wp-content\/uploads\/2024\/09\/icon5.png\" class=\"attachment-full size-full wp-image-780\" alt=\"\" \/><\/a><\/figure><div class=\"elementor-image-box-content\"><h3 class=\"elementor-image-box-title\"><a href=\"\/es\/truck-accidents\/\">Accidentes de Camiones<\/a><\/h3><\/div><\/div>\t\t\t\t<\/div>\n\t\t\t\t<\/div>\n\t\t\t\t<\/div>\n\t\t<div class=\"elementor-element elementor-element-4a46646 e-con-full e-flex e-con e-child\" data-id=\"4a46646\" data-element_type=\"container\" data-e-type=\"container\">\n\t\t\t\t<div class=\"elementor-element elementor-element-b1c8104 icons-even elementor-position-top de_scroll_animation_no elementor-widget elementor-widget-image-box\" data-id=\"b1c8104\" data-element_type=\"widget\" data-e-type=\"widget\" data-widget_type=\"image-box.default\">\n\t\t\t\t<div class=\"elementor-widget-container\">\n\t\t\t\t\t<div class=\"elementor-image-box-wrapper\"><figure class=\"elementor-image-box-img\"><a href=\"\/es\/wrongful-death\/\" tabindex=\"-1\"><img loading=\"lazy\" decoding=\"async\" width=\"75\" height=\"75\" src=\"https:\/\/www.305hurt.com\/es\/wp-content\/uploads\/2024\/09\/icon4.png\" class=\"attachment-full size-full wp-image-789\" alt=\"\" \/><\/a><\/figure><div class=\"elementor-image-box-content\"><h3 class=\"elementor-image-box-title\"><a href=\"\/es\/wrongful-death\/\">Muerte por Negligencia<\/a><\/h3><\/div><\/div>\t\t\t\t<\/div>\n\t\t\t\t<\/div>\n\t\t\t\t<\/div>\n\t\t<div class=\"elementor-element elementor-element-fb816a0 e-con-full e-flex e-con e-child\" data-id=\"fb816a0\" data-element_type=\"container\" data-e-type=\"container\">\n\t\t\t\t<div class=\"elementor-element elementor-element-0cadca8 icons-even elementor-position-top de_scroll_animation_no elementor-widget elementor-widget-image-box\" data-id=\"0cadca8\" data-element_type=\"widget\" data-e-type=\"widget\" data-widget_type=\"image-box.default\">\n\t\t\t\t<div class=\"elementor-widget-container\">\n\t\t\t\t\t<div class=\"elementor-image-box-wrapper\"><figure class=\"elementor-image-box-img\"><a href=\"\/es\/pedestrian-accidents\/\" tabindex=\"-1\"><img loading=\"lazy\" decoding=\"async\" width=\"75\" height=\"75\" src=\"https:\/\/www.305hurt.com\/es\/wp-content\/uploads\/2024\/09\/icon11.png\" class=\"attachment-full size-full wp-image-783\" alt=\"\" \/><\/a><\/figure><div class=\"elementor-image-box-content\"><h3 class=\"elementor-image-box-title\"><a href=\"\/es\/pedestrian-accidents\/\">Accidentes de Peatones<\/a><\/h3><\/div><\/div>\t\t\t\t<\/div>\n\t\t\t\t<\/div>\n\t\t\t\t<\/div>\n\t\t<div class=\"elementor-element elementor-element-ca31127 e-con-full e-flex e-con e-child\" data-id=\"ca31127\" data-element_type=\"container\" data-e-type=\"container\">\n\t\t\t\t<div class=\"elementor-element elementor-element-1f3ce7b icons-even elementor-position-top de_scroll_animation_no elementor-widget elementor-widget-image-box\" data-id=\"1f3ce7b\" data-element_type=\"widget\" data-e-type=\"widget\" data-widget_type=\"image-box.default\">\n\t\t\t\t<div class=\"elementor-widget-container\">\n\t\t\t\t\t<div class=\"elementor-image-box-wrapper\"><figure class=\"elementor-image-box-img\"><a href=\"\/es\/bicycle-accidents\/\" tabindex=\"-1\"><img loading=\"lazy\" decoding=\"async\" width=\"75\" height=\"75\" src=\"https:\/\/www.305hurt.com\/es\/wp-content\/uploads\/2024\/09\/icon9.png\" class=\"attachment-full size-full wp-image-785\" alt=\"\" \/><\/a><\/figure><div class=\"elementor-image-box-content\"><h3 class=\"elementor-image-box-title\"><a href=\"\/es\/bicycle-accidents\/\">Accidentes de Bicicleta<\/a><\/h3><\/div><\/div>\t\t\t\t<\/div>\n\t\t\t\t<\/div>\n\t\t\t\t<\/div>\n\t\t\t\t\t<\/div>\n\t\t\t\t<\/div>\n\t\t\t\t\t<\/div>\n\t\t<\/div>\n\t\t\t\t\t<\/div>\n\t\t<\/section>\n\t\t<div class=\"elementor-element elementor-element-2eb7ebc pa e-flex e-con-boxed e-con e-parent\" data-id=\"2eb7ebc\" data-element_type=\"container\" data-e-type=\"container\">\n\t\t\t\t\t<div class=\"e-con-inner\">\n\t\t<div class=\"elementor-element elementor-element-0429aac e-con-full e-flex e-con e-child\" data-id=\"0429aac\" data-element_type=\"container\" data-e-type=\"container\">\n\t\t<div class=\"elementor-element elementor-element-9b520f6 e-con-full e-flex e-con e-child\" data-id=\"9b520f6\" data-element_type=\"container\" data-e-type=\"container\">\n\t\t\t\t<div class=\"elementor-element elementor-element-1cf02a4 icons-even elementor-position-top de_scroll_animation_no elementor-widget elementor-widget-image-box\" data-id=\"1cf02a4\" data-element_type=\"widget\" data-e-type=\"widget\" data-widget_type=\"image-box.default\">\n\t\t\t\t<div class=\"elementor-widget-container\">\n\t\t\t\t\t<div class=\"elementor-image-box-wrapper\"><figure class=\"elementor-image-box-img\"><a href=\"\/es\/accidentes-de-scooter\/\" tabindex=\"-1\"><img loading=\"lazy\" decoding=\"async\" width=\"75\" height=\"75\" src=\"https:\/\/www.305hurt.com\/es\/wp-content\/uploads\/2024\/09\/SCOOTER-ACCIDENTS.png\" class=\"attachment-full size-full wp-image-1119\" alt=\"\" \/><\/a><\/figure><div class=\"elementor-image-box-content\"><h3 class=\"elementor-image-box-title\"><a href=\"\/es\/accidentes-de-scooter\/\">Accidentes de Scooter<\/a><\/h3><\/div><\/div>\t\t\t\t<\/div>\n\t\t\t\t<\/div>\n\t\t\t\t<\/div>\n\t\t<div class=\"elementor-element elementor-element-88796dc e-con-full e-flex e-con e-child\" data-id=\"88796dc\" data-element_type=\"container\" data-e-type=\"container\">\n\t\t\t\t<div class=\"elementor-element elementor-element-c74114a icons-even elementor-position-top de_scroll_animation_no elementor-widget elementor-widget-image-box\" data-id=\"c74114a\" data-element_type=\"widget\" data-e-type=\"widget\" data-widget_type=\"image-box.default\">\n\t\t\t\t<div class=\"elementor-widget-container\">\n\t\t\t\t\t<div class=\"elementor-image-box-wrapper\"><figure class=\"elementor-image-box-img\"><a href=\"\/es\/food-delivery\/\" tabindex=\"-1\"><img loading=\"lazy\" decoding=\"async\" width=\"75\" height=\"75\" src=\"https:\/\/www.305hurt.com\/es\/wp-content\/uploads\/2024\/09\/DOORDASH-GRUBHUB-UBER-EATS-ACCIDENTS.png\" class=\"attachment-full size-full wp-image-1120\" alt=\"\" \/><\/a><\/figure><div class=\"elementor-image-box-content\"><h3 class=\"elementor-image-box-title\"><a href=\"\/es\/food-delivery\/\">Accidentes en la Entrega de Comida<\/a><\/h3><\/div><\/div>\t\t\t\t<\/div>\n\t\t\t\t<\/div>\n\t\t\t\t<\/div>\n\t\t<div class=\"elementor-element elementor-element-fb5b656 e-con-full e-flex e-con e-child\" data-id=\"fb5b656\" data-element_type=\"container\" data-e-type=\"container\">\n\t\t\t\t<div class=\"elementor-element elementor-element-76271e9 icons-even elementor-position-top de_scroll_animation_no elementor-widget elementor-widget-image-box\" data-id=\"76271e9\" data-element_type=\"widget\" data-e-type=\"widget\" data-widget_type=\"image-box.default\">\n\t\t\t\t<div class=\"elementor-widget-container\">\n\t\t\t\t\t<div class=\"elementor-image-box-wrapper\"><figure class=\"elementor-image-box-img\"><a href=\"\/es\/negligent-security\/\" tabindex=\"-1\"><img loading=\"lazy\" decoding=\"async\" width=\"75\" height=\"75\" src=\"https:\/\/www.305hurt.com\/es\/wp-content\/uploads\/2024\/09\/NEGLIGENT-SECURITY.png\" class=\"attachment-full size-full wp-image-1121\" alt=\"\" \/><\/a><\/figure><div class=\"elementor-image-box-content\"><h3 class=\"elementor-image-box-title\"><a href=\"\/es\/negligent-security\/\">Seguridad Negligente<\/a><\/h3><\/div><\/div>\t\t\t\t<\/div>\n\t\t\t\t<\/div>\n\t\t\t\t<\/div>\n\t\t<div class=\"elementor-element elementor-element-4831c38 e-con-full e-flex e-con e-child\" data-id=\"4831c38\" data-element_type=\"container\" data-e-type=\"container\">\n\t\t\t\t<div class=\"elementor-element elementor-element-2a4a342 icons-even elementor-position-top de_scroll_animation_no elementor-widget elementor-widget-image-box\" data-id=\"2a4a342\" data-element_type=\"widget\" data-e-type=\"widget\" data-widget_type=\"image-box.default\">\n\t\t\t\t<div class=\"elementor-widget-container\">\n\t\t\t\t\t<div class=\"elementor-image-box-wrapper\"><figure class=\"elementor-image-box-img\"><a href=\"\/es\/burn-injuries\/\" tabindex=\"-1\"><img loading=\"lazy\" decoding=\"async\" width=\"75\" height=\"75\" src=\"https:\/\/www.305hurt.com\/es\/wp-content\/uploads\/2024\/09\/BURN-INJURIES.png\" class=\"attachment-full size-full wp-image-1122\" alt=\"\" \/><\/a><\/figure><div class=\"elementor-image-box-content\"><h3 class=\"elementor-image-box-title\"><a href=\"\/es\/burn-injuries\/\">Lesiones por Quemaduras<\/a><\/h3><\/div><\/div>\t\t\t\t<\/div>\n\t\t\t\t<\/div>\n\t\t\t\t<\/div>\n\t\t\t\t<\/div>\n\t\t<div class=\"elementor-element elementor-element-bd61adb e-con-full e-flex e-con e-child\" data-id=\"bd61adb\" data-element_type=\"container\" data-e-type=\"container\">\n\t\t<div class=\"elementor-element elementor-element-5f77319 e-con-full e-flex e-con e-child\" data-id=\"5f77319\" data-element_type=\"container\" data-e-type=\"container\">\n\t\t\t\t<div class=\"elementor-element elementor-element-6d378f1 icons-even elementor-position-top de_scroll_animation_no elementor-widget elementor-widget-image-box\" data-id=\"6d378f1\" data-element_type=\"widget\" data-e-type=\"widget\" data-widget_type=\"image-box.default\">\n\t\t\t\t<div class=\"elementor-widget-container\">\n\t\t\t\t\t<div class=\"elementor-image-box-wrapper\"><figure class=\"elementor-image-box-img\"><a href=\"\/es\/workplace-accidents\/\" tabindex=\"-1\"><img loading=\"lazy\" decoding=\"async\" width=\"75\" height=\"75\" src=\"https:\/\/www.305hurt.com\/es\/wp-content\/uploads\/2024\/09\/icon1.png\" class=\"attachment-full size-full wp-image-786\" alt=\"\" \/><\/a><\/figure><div class=\"elementor-image-box-content\"><h3 class=\"elementor-image-box-title\"><a href=\"\/es\/workplace-accidents\/\">Accidentes de Trabajo<\/a><\/h3><\/div><\/div>\t\t\t\t<\/div>\n\t\t\t\t<\/div>\n\t\t\t\t<\/div>\n\t\t<div class=\"elementor-element elementor-element-6d81fab e-con-full e-flex e-con e-child\" data-id=\"6d81fab\" data-element_type=\"container\" data-e-type=\"container\">\n\t\t\t\t<div class=\"elementor-element elementor-element-fbdc8df icons-even elementor-position-top de_scroll_animation_no elementor-widget elementor-widget-image-box\" data-id=\"fbdc8df\" data-element_type=\"widget\" data-e-type=\"widget\" data-widget_type=\"image-box.default\">\n\t\t\t\t<div class=\"elementor-widget-container\">\n\t\t\t\t\t<div class=\"elementor-image-box-wrapper\"><figure class=\"elementor-image-box-img\"><a href=\"\/es\/boating-accidents\/\" tabindex=\"-1\"><img loading=\"lazy\" decoding=\"async\" width=\"75\" height=\"75\" src=\"https:\/\/www.305hurt.com\/es\/wp-content\/uploads\/2024\/09\/icon7.png\" class=\"attachment-full size-full wp-image-781\" alt=\"\" \/><\/a><\/figure><div class=\"elementor-image-box-content\"><h3 class=\"elementor-image-box-title\"><a href=\"\/es\/boating-accidents\/\">Accidentes de Navegaci\u00f3n<\/a><\/h3><\/div><\/div>\t\t\t\t<\/div>\n\t\t\t\t<\/div>\n\t\t\t\t<\/div>\n\t\t<div class=\"elementor-element elementor-element-ccf39eb e-con-full e-flex e-con e-child\" data-id=\"ccf39eb\" data-element_type=\"container\" data-e-type=\"container\">\n\t\t\t\t<div class=\"elementor-element elementor-element-3470d80 icons-even elementor-position-top de_scroll_animation_no elementor-widget elementor-widget-image-box\" data-id=\"3470d80\" data-element_type=\"widget\" data-e-type=\"widget\" data-widget_type=\"image-box.default\">\n\t\t\t\t<div class=\"elementor-widget-container\">\n\t\t\t\t\t<div class=\"elementor-image-box-wrapper\"><figure class=\"elementor-image-box-img\"><a href=\"\/es\/premises-liability\/\" tabindex=\"-1\"><img loading=\"lazy\" decoding=\"async\" width=\"75\" height=\"75\" src=\"https:\/\/www.305hurt.com\/es\/wp-content\/uploads\/2024\/09\/PREMISE-LIABILTY.png\" class=\"attachment-full size-full wp-image-1123\" alt=\"\" \/><\/a><\/figure><div class=\"elementor-image-box-content\"><h3 class=\"elementor-image-box-title\"><a href=\"\/es\/premises-liability\/\">Responsabilidad de Propiedades o Instalaci\u00f3nes<\/a><\/h3><\/div><\/div>\t\t\t\t<\/div>\n\t\t\t\t<\/div>\n\t\t\t\t<\/div>\n\t\t<div class=\"elementor-element elementor-element-eddaec2 e-con-full e-flex e-con e-child\" data-id=\"eddaec2\" data-element_type=\"container\" data-e-type=\"container\">\n\t\t\t\t<div class=\"elementor-element elementor-element-2adf33e icons-even elementor-position-top de_scroll_animation_no elementor-widget elementor-widget-image-box\" data-id=\"2adf33e\" data-element_type=\"widget\" data-e-type=\"widget\" data-widget_type=\"image-box.default\">\n\t\t\t\t<div class=\"elementor-widget-container\">\n\t\t\t\t\t<div class=\"elementor-image-box-wrapper\"><figure class=\"elementor-image-box-img\"><a href=\"\/es\/amusement-park-accidents\/\" tabindex=\"-1\"><img loading=\"lazy\" decoding=\"async\" width=\"75\" height=\"75\" src=\"https:\/\/www.305hurt.com\/es\/wp-content\/uploads\/2024\/09\/6.png\" class=\"attachment-full size-full wp-image-1168\" alt=\"\" \/><\/a><\/figure><div class=\"elementor-image-box-content\"><h3 class=\"elementor-image-box-title\"><a href=\"\/es\/amusement-park-accidents\/\">Lesiones en Parques de Atracciones<\/a><\/h3><\/div><\/div>\t\t\t\t<\/div>\n\t\t\t\t<\/div>\n\t\t\t\t<\/div>\n\t\t\t\t<\/div>\n\t\t<div class=\"elementor-element elementor-element-a5d7f6c e-con-full e-flex e-con e-child\" data-id=\"a5d7f6c\" data-element_type=\"container\" data-e-type=\"container\">\n\t\t<div class=\"elementor-element elementor-element-b9a4be6 e-con-full elementor-hidden-mobile e-flex e-con e-child\" data-id=\"b9a4be6\" data-element_type=\"container\" data-e-type=\"container\">\n\t\t\t\t<\/div>\n\t\t<div class=\"elementor-element elementor-element-72b548d e-con-full elementor-hidden-mobile e-flex e-con e-child\" data-id=\"72b548d\" data-element_type=\"container\" data-e-type=\"container\">\n\t\t\t\t<\/div>\n\t\t<div class=\"elementor-element elementor-element-0249819 e-con-full e-flex e-con e-child\" data-id=\"0249819\" data-element_type=\"container\" data-e-type=\"container\">\n\t\t\t\t<div class=\"elementor-element elementor-element-a1b991a icons-even elementor-position-top de_scroll_animation_no elementor-widget elementor-widget-image-box\" data-id=\"a1b991a\" data-element_type=\"widget\" data-e-type=\"widget\" data-widget_type=\"image-box.default\">\n\t\t\t\t<div class=\"elementor-widget-container\">\n\t\t\t\t\t<div class=\"elementor-image-box-wrapper\"><figure class=\"elementor-image-box-img\"><a href=\"\/es\/product-liability\/\" tabindex=\"-1\"><img loading=\"lazy\" decoding=\"async\" width=\"75\" height=\"75\" src=\"https:\/\/www.305hurt.com\/es\/wp-content\/uploads\/2024\/09\/PRODUCT-LIABILITY.png\" class=\"attachment-full size-full wp-image-1124\" alt=\"\" \/><\/a><\/figure><div class=\"elementor-image-box-content\"><h3 class=\"elementor-image-box-title\"><a href=\"\/es\/product-liability\/\">Responsabilidad del Producto<\/a><\/h3><\/div><\/div>\t\t\t\t<\/div>\n\t\t\t\t<\/div>\n\t\t\t\t<\/div>\n\t\t<div class=\"elementor-element elementor-element-55c2b9e e-con-full e-flex e-con e-child\" data-id=\"55c2b9e\" data-element_type=\"container\" data-e-type=\"container\">\n\t\t\t\t<\/div>\n\t\t<div class=\"elementor-element elementor-element-d0d5044 e-con-full e-flex e-con e-child\" data-id=\"d0d5044\" data-element_type=\"container\" data-e-type=\"container\">\n\t\t\t\t<\/div>\n\t\t\t\t<\/div>\n\t\t\t\t\t<\/div>\n\t\t\t\t<\/div>\n\t\t\t\t<\/div>\n\t\t","protected":false},"excerpt":{"rendered":"<p>\u00c1reas de pr\u00e1ctica COMIENZA TU CONSULTA GRATUITA Accidentes de Auto Resbalones y Ca\u00eddas Accidentes de Uber &#038; Lyft Accidentes de Motocicleta Accidentes de Camiones Muerte por Negligencia Accidentes de Peatones Accidentes de Bicicleta Accidentes de Scooter Accidentes en la Entrega de Comida Seguridad Negligente Lesiones por Quemaduras Accidentes de Trabajo Accidentes de Navegaci\u00f3n Responsabilidad de [&hellip;]<\/p>\n","protected":false},"author":1,"featured_media":0,"parent":0,"menu_order":0,"comment_status":"closed","ping_status":"closed","template":"elementor_header_footer","meta":{"footnotes":""},"class_list":["post-1255","page","type-page","status-publish","hentry"],"_links":{"self":[{"href":"https:\/\/www.305hurt.com\/es\/wp-json\/wp\/v2\/pages\/1255","targetHints":{"allow":["GET"]}}],"collection":[{"href":"https:\/\/www.305hurt.com\/es\/wp-json\/wp\/v2\/pages"}],"about":[{"href":"https:\/\/www.305hurt.com\/es\/wp-json\/wp\/v2\/types\/page"}],"author":[{"embeddable":true,"href":"https:\/\/www.305hurt.com\/es\/wp-json\/wp\/v2\/users\/1"}],"replies":[{"embeddable":true,"href":"https:\/\/www.305hurt.com\/es\/wp-json\/wp\/v2\/comments?post=1255"}],"version-history":[{"count":0,"href":"https:\/\/www.305hurt.com\/es\/wp-json\/wp\/v2\/pages\/1255\/revisions"}],"wp:attachment":[{"href":"https:\/\/www.305hurt.com\/es\/wp-json\/wp\/v2\/media?parent=1255"}],"curies":[{"name":"wp","href":"https:\/\/api.w.org\/{rel}","templated":true}]}}